{"id":833,"date":"2021-03-05T20:10:52","date_gmt":"2021-03-05T20:10:52","guid":{"rendered":"https:\/\/yarochewskyadvogados.com.br\/index.php\/practice-areas\/"},"modified":"2023-09-14T15:37:47","modified_gmt":"2023-09-14T18:37:47","slug":"practice-areas","status":"publish","type":"page","link":"https:\/\/yarochewskyadvogados.com.br\/index.php\/practice-areas\/","title":{"rendered":"Practice Areas"},"content":{"rendered":"<style>\/*! elementor - v3.16.0 - 13-09-2023 *\/\n.elementor-widget-divider{--divider-border-style:none;--divider-border-width:1px;--divider-color:#0c0d0e;--divider-icon-size:20px;--divider-element-spacing:10px;--divider-pattern-height:24px;--divider-pattern-size:20px;--divider-pattern-url:none;--divider-pattern-repeat:repeat-x}.elementor-widget-divider .elementor-divider{display:flex}.elementor-widget-divider .elementor-divider__text{font-size:15px;line-height:1;max-width:95%}.elementor-widget-divider .elementor-divider__element{margin:0 var(--divider-element-spacing);flex-shrink:0}.elementor-widget-divider .elementor-icon{font-size:var(--divider-icon-size)}.elementor-widget-divider .elementor-divider-separator{display:flex;margin:0;direction:ltr}.elementor-widget-divider--view-line_icon .elementor-divider-separator,.elementor-widget-divider--view-line_text .elementor-divider-separator{align-items:center}.elementor-widget-divider--view-line_icon .elementor-divider-separator:after,.elementor-widget-divider--view-line_icon .elementor-divider-separator:before,.elementor-widget-divider--view-line_text .elementor-divider-separator:after,.elementor-widget-divider--view-line_text .elementor-divider-separator:before{display:block;content:\"\";border-bottom:0;flex-grow:1;border-top:var(--divider-border-width) var(--divider-border-style) var(--divider-color)}.elementor-widget-divider--element-align-left .elementor-divider .elementor-divider-separator>.elementor-divider__svg:first-of-type{flex-grow:0;flex-shrink:100}.elementor-widget-divider--element-align-left .elementor-divider-separator:before{content:none}.elementor-widget-divider--element-align-left .elementor-divider__element{margin-left:0}.elementor-widget-divider--element-align-right .elementor-divider .elementor-divider-separator>.elementor-divider__svg:last-of-type{flex-grow:0;flex-shrink:100}.elementor-widget-divider--element-align-right .elementor-divider-separator:after{content:none}.elementor-widget-divider--element-align-right .elementor-divider__element{margin-right:0}.elementor-widget-divider:not(.elementor-widget-divider--view-line_text):not(.elementor-widget-divider--view-line_icon) .elementor-divider-separator{border-top:var(--divider-border-width) var(--divider-border-style) var(--divider-color)}.elementor-widget-divider--separator-type-pattern{--divider-border-style:none}.elementor-widget-divider--separator-type-pattern.elementor-widget-divider--view-line .elementor-divider-separator,.elementor-widget-divider--separator-type-pattern:not(.elementor-widget-divider--view-line) .elementor-divider-separator:after,.elementor-widget-divider--separator-type-pattern:not(.elementor-widget-divider--view-line) .elementor-divider-separator:before,.elementor-widget-divider--separator-type-pattern:not([class*=elementor-widget-divider--view]) .elementor-divider-separator{width:100%;min-height:var(--divider-pattern-height);-webkit-mask-size:var(--divider-pattern-size) 100%;mask-size:var(--divider-pattern-size) 100%;-webkit-mask-repeat:var(--divider-pattern-repeat);mask-repeat:var(--divider-pattern-repeat);background-color:var(--divider-color);-webkit-mask-image:var(--divider-pattern-url);mask-image:var(--divider-pattern-url)}.elementor-widget-divider--no-spacing{--divider-pattern-size:auto}.elementor-widget-divider--bg-round{--divider-pattern-repeat:round}.rtl .elementor-widget-divider .elementor-divider__text{direction:rtl}.e-con-inner>.elementor-widget-divider,.e-con>.elementor-widget-divider{width:var(--container-widget-width,100%);--flex-grow:var(--container-widget-flex-grow)}<\/style>\n<style>\/*! elementor - v3.16.0 - 13-09-2023 *\/\n.elementor-heading-title{padding:0;margin:0;line-height:1}.elementor-widget-heading .elementor-heading-title[class*=elementor-size-]>a{color:inherit;font-size:inherit;line-height:inherit}.elementor-widget-heading .elementor-heading-title.elementor-size-small{font-size:15px}.elementor-widget-heading .elementor-heading-title.elementor-size-medium{font-size:19px}.elementor-widget-heading .elementor-heading-title.elementor-size-large{font-size:29px}.elementor-widget-heading .elementor-heading-title.elementor-size-xl{font-size:39px}.elementor-widget-heading .elementor-heading-title.elementor-size-xxl{font-size:59px}<\/style>\n<h1>Somos especialistas em v\u00e1rias \u00e1reas do Direito Criminal<\/h1>\n<p><i>O Escrit\u00f3rio <\/i><strong>LEONARDO ISAAC YAROCHEWSKY ADVOGADOS ASSOCIADOS<\/strong><i> \u00e9 especializado na \u00e1rea criminal, em suas diversas facetas, tanto no \u00e2mbito contencioso (inqu\u00e9ritos, a\u00e7\u00f5es penais, habeas corpus) quanto no preventivo (consultivo e pareceres.<\/i><\/p>\n<p>Crimes econ\u00f4micos, crimes tribut\u00e1rios e previdenci\u00e1rios<\/p>\n<p>Crimes ambientais<\/p>\n<p>Lavagem de capitais<\/p>\n<p>Crimes licitat\u00f3rios<\/p>\n<p>Crimes contra a rela\u00e7\u00e3o de consumo<\/p>\n<p>Crimes falimentares<\/p>\n<p>Crimes contra a administra\u00e7\u00e3o p\u00fablica<\/p>\n<p>Crimes eleitorais<\/p>\n<p>Crimes dolosos contra a vida<\/p>\n<p>Crimes contra o patrim\u00f4nio<\/p>\n<p>Crimes contra a honra<\/p>\n<p>Crimes contra a dignidade sexual<\/p>\n<p>Crimes de tr\u00e1fico il\u00edcito e uso indevido de drogas<\/p>\n<h2>Como trabalhamos?<\/h2>\n<p>Gra\u00e7as ao nosso alto grau de profissionalismo, comprometimento e organiza\u00e7\u00e3o, podemos tra\u00e7ar as melhores estrat\u00e9gias para atend\u00ea-lo, de forma a preservar nossos principais valores, dentre os quais destacamos: a agilidade na presta\u00e7\u00e3o dos servi\u00e7os, a disponibilidade em atender os nossos clientes e a qualidade t\u00e9cnica dos profissionais, em constante aten\u00e7\u00e3o e compreens\u00e3o \u00e0s demandas.<br \/>Primamos por uma advocacia humanizada e integrada, na qual o cliente possui contato direto e imediato com advogados dispon\u00edveis para atend\u00ea-lo, o que constitui um dos nossos diferenciais.<\/p>\n<p>\t\t\t<a href=\"https:\/\/wa.me\/553132812924\"><br \/>\n\t\t\t\t\t\tVamos conversar?<br \/>\n\t\t\t\t\t<\/a><\/p>\n","protected":false},"excerpt":{"rendered":"<p>Somos especialistas em v\u00e1rias \u00e1reas do Direito Criminal O Escrit\u00f3rio LEONARDO ISAAC YAROCHEWSKY ADVOGADOS ASSOCIADOS \u00e9 especializado na \u00e1rea criminal, em suas diversas facetas, tanto no \u00e2mbito contencioso (inqu\u00e9ritos, a\u00e7\u00f5es penais, habeas corpus) quanto no preventivo (consultivo e pareceres. Crimes econ\u00f4micos, crimes tribut\u00e1rios e previdenci\u00e1rios Crimes ambientais Lavagem de capitais Crimes licitat\u00f3rios Crimes contra a &hellip;<\/p>\n<p class=\"read-more\"> <a class=\"\" href=\"https:\/\/yarochewskyadvogados.com.br\/index.php\/practice-areas\/\"> <span class=\"screen-reader-text\">Practice Areas<\/span> Leia mais &raquo;<\/a><\/p>\n","protected":false},"author":1,"featured_media":0,"parent":0,"menu_order":0,"comment_status":"closed","ping_status":"open","template":"","meta":{"site-sidebar-layout":"default","site-content-layout":"page-builder","ast-site-content-layout":"","site-content-style":"default","site-sidebar-style":"default","ast-global-header-display":"","ast-banner-title-visibility":"","ast-main-header-display":"","ast-hfb-above-header-display":"","ast-hfb-below-header-display":"","ast-hfb-mobile-header-display":"","site-post-title":"disabled","ast-breadcrumbs-content":"disabled","ast-featured-img":"disabled","footer-sml-layout":"","theme-transparent-header-meta":"enabled","adv-header-id-meta":"","stick-header-meta":"","header-above-stick-meta":"","header-main-stick-meta":"","header-below-stick-meta":"","astra-migrate-meta-layouts":"","footnotes":""},"class_list":["post-833","page","type-page","status-publish","hentry"],"_links":{"self":[{"href":"https:\/\/yarochewskyadvogados.com.br\/index.php\/wp-json\/wp\/v2\/pages\/833","targetHints":{"allow":["GET"]}}],"collection":[{"href":"https:\/\/yarochewskyadvogados.com.br\/index.php\/wp-json\/wp\/v2\/pages"}],"about":[{"href":"https:\/\/yarochewskyadvogados.com.br\/index.php\/wp-json\/wp\/v2\/types\/page"}],"author":[{"embeddable":true,"href":"https:\/\/yarochewskyadvogados.com.br\/index.php\/wp-json\/wp\/v2\/users\/1"}],"replies":[{"embeddable":true,"href":"https:\/\/yarochewskyadvogados.com.br\/index.php\/wp-json\/wp\/v2\/comments?post=833"}],"version-history":[{"count":40,"href":"https:\/\/yarochewskyadvogados.com.br\/index.php\/wp-json\/wp\/v2\/pages\/833\/revisions"}],"predecessor-version":[{"id":1462,"href":"https:\/\/yarochewskyadvogados.com.br\/index.php\/wp-json\/wp\/v2\/pages\/833\/revisions\/1462"}],"wp:attachment":[{"href":"https:\/\/yarochewskyadvogados.com.br\/index.php\/wp-json\/wp\/v2\/media?parent=833"}],"curies":[{"name":"wp","href":"https:\/\/api.w.org\/{rel}","templated":true}]}}