{"id":832,"date":"2021-03-05T20:10:28","date_gmt":"2021-03-05T20:10:28","guid":{"rendered":"https:\/\/yarochewskyadvogados.com.br\/index.php\/about-us\/"},"modified":"2023-09-22T16:26:09","modified_gmt":"2023-09-22T19:26:09","slug":"about-us","status":"publish","type":"page","link":"https:\/\/yarochewskyadvogados.com.br\/index.php\/about-us\/","title":{"rendered":"O Escrit\u00f3rio"},"content":{"rendered":"<style>\/*! elementor - v3.16.0 - 14-09-2023 *\/\n.elementor-widget-divider{--divider-border-style:none;--divider-border-width:1px;--divider-color:#0c0d0e;--divider-icon-size:20px;--divider-element-spacing:10px;--divider-pattern-height:24px;--divider-pattern-size:20px;--divider-pattern-url:none;--divider-pattern-repeat:repeat-x}.elementor-widget-divider .elementor-divider{display:flex}.elementor-widget-divider .elementor-divider__text{font-size:15px;line-height:1;max-width:95%}.elementor-widget-divider .elementor-divider__element{margin:0 var(--divider-element-spacing);flex-shrink:0}.elementor-widget-divider .elementor-icon{font-size:var(--divider-icon-size)}.elementor-widget-divider .elementor-divider-separator{display:flex;margin:0;direction:ltr}.elementor-widget-divider--view-line_icon .elementor-divider-separator,.elementor-widget-divider--view-line_text .elementor-divider-separator{align-items:center}.elementor-widget-divider--view-line_icon .elementor-divider-separator:after,.elementor-widget-divider--view-line_icon .elementor-divider-separator:before,.elementor-widget-divider--view-line_text .elementor-divider-separator:after,.elementor-widget-divider--view-line_text .elementor-divider-separator:before{display:block;content:\"\";border-bottom:0;flex-grow:1;border-top:var(--divider-border-width) var(--divider-border-style) var(--divider-color)}.elementor-widget-divider--element-align-left .elementor-divider .elementor-divider-separator>.elementor-divider__svg:first-of-type{flex-grow:0;flex-shrink:100}.elementor-widget-divider--element-align-left .elementor-divider-separator:before{content:none}.elementor-widget-divider--element-align-left .elementor-divider__element{margin-left:0}.elementor-widget-divider--element-align-right .elementor-divider .elementor-divider-separator>.elementor-divider__svg:last-of-type{flex-grow:0;flex-shrink:100}.elementor-widget-divider--element-align-right .elementor-divider-separator:after{content:none}.elementor-widget-divider--element-align-right .elementor-divider__element{margin-right:0}.elementor-widget-divider:not(.elementor-widget-divider--view-line_text):not(.elementor-widget-divider--view-line_icon) .elementor-divider-separator{border-top:var(--divider-border-width) var(--divider-border-style) var(--divider-color)}.elementor-widget-divider--separator-type-pattern{--divider-border-style:none}.elementor-widget-divider--separator-type-pattern.elementor-widget-divider--view-line .elementor-divider-separator,.elementor-widget-divider--separator-type-pattern:not(.elementor-widget-divider--view-line) .elementor-divider-separator:after,.elementor-widget-divider--separator-type-pattern:not(.elementor-widget-divider--view-line) .elementor-divider-separator:before,.elementor-widget-divider--separator-type-pattern:not([class*=elementor-widget-divider--view]) .elementor-divider-separator{width:100%;min-height:var(--divider-pattern-height);-webkit-mask-size:var(--divider-pattern-size) 100%;mask-size:var(--divider-pattern-size) 100%;-webkit-mask-repeat:var(--divider-pattern-repeat);mask-repeat:var(--divider-pattern-repeat);background-color:var(--divider-color);-webkit-mask-image:var(--divider-pattern-url);mask-image:var(--divider-pattern-url)}.elementor-widget-divider--no-spacing{--divider-pattern-size:auto}.elementor-widget-divider--bg-round{--divider-pattern-repeat:round}.rtl .elementor-widget-divider .elementor-divider__text{direction:rtl}.e-con-inner>.elementor-widget-divider,.e-con>.elementor-widget-divider{width:var(--container-widget-width,100%);--flex-grow:var(--container-widget-flex-grow)}<\/style>\n<style>\/*! elementor - v3.16.0 - 14-09-2023 *\/\n.elementor-heading-title{padding:0;margin:0;line-height:1}.elementor-widget-heading .elementor-heading-title[class*=elementor-size-]>a{color:inherit;font-size:inherit;line-height:inherit}.elementor-widget-heading .elementor-heading-title.elementor-size-small{font-size:15px}.elementor-widget-heading .elementor-heading-title.elementor-size-medium{font-size:19px}.elementor-widget-heading .elementor-heading-title.elementor-size-large{font-size:29px}.elementor-widget-heading .elementor-heading-title.elementor-size-xl{font-size:39px}.elementor-widget-heading .elementor-heading-title.elementor-size-xxl{font-size:59px}<\/style>\n<h1>Conhe\u00e7a um pouco mais sobre o nosso Escrit\u00f3rio<\/h1>\n<h2>O Escrit\u00f3rio<\/h2>\n<p>O escrit\u00f3rio est\u00e1 preparado para acompanhar processos judici\u00e1rios e tamb\u00e9m prestar consultoria jur\u00eddica. Dessa forma, o Leonardo Isaac Yarochewsky Advogados Associados atua desde a fase de investiga\u00e7\u00e3o policial, processos de compet\u00eancia da justi\u00e7a estadual e federal, at\u00e9 julgamentos em Tribunais Superiores.<\/p>\n<p>Para ser uma refer\u00eancia em Direito no Brasil, o Leonardo Isaac Yarochewsky Advogados Associados conta com profissionais experientes na advocacia criminal.<\/p>\n<p>Em uma \u00e9poca em que mudan\u00e7as constantes ditam o ritmo da modernidade, os profissionais do escrit\u00f3rio Leonardo Isaac Yarochewsky Advogados Associados est\u00e3o em permanente aprendizado, mediante participa\u00e7\u00e3o em palestras, cursos e semin\u00e1rios, seja como expositores, seja como ouvintes.<\/p>\n<p>\u00c9 assim que o Leonardo Isaac Yarochewsky Advogados Associados se prepara para receb\u00ea-lo: com respeito, dedica\u00e7\u00e3o, discri\u00e7\u00e3o, atendimento especializado e profissionais altamente capacitados.<\/p>\n<style>\/*! elementor - v3.16.0 - 14-09-2023 *\/\n.elementor-widget-image{text-align:center}.elementor-widget-image a{display:inline-block}.elementor-widget-image a img[src$=\".svg\"]{width:48px}.elementor-widget-image img{vertical-align:middle;display:inline-block}<\/style>\n<p>\t\t\t\t\t\t\t\t\t\t\t\t<img decoding=\"async\" width=\"2560\" height=\"1920\" src=\"https:\/\/yarochewskyadvogados.com.br\/wp-content\/uploads\/2023\/09\/foto-sala-espera--scaled.jpg\" alt=\"\" loading=\"lazy\" srcset=\"https:\/\/yarochewskyadvogados.com.br\/wp-content\/uploads\/2023\/09\/foto-sala-espera--scaled.jpg 2560w, https:\/\/yarochewskyadvogados.com.br\/wp-content\/uploads\/2023\/09\/foto-sala-espera--300x225.jpg 300w, https:\/\/yarochewskyadvogados.com.br\/wp-content\/uploads\/2023\/09\/foto-sala-espera--1024x768.jpg 1024w, https:\/\/yarochewskyadvogados.com.br\/wp-content\/uploads\/2023\/09\/foto-sala-espera--768x576.jpg 768w, https:\/\/yarochewskyadvogados.com.br\/wp-content\/uploads\/2023\/09\/foto-sala-espera--1536x1152.jpg 1536w, https:\/\/yarochewskyadvogados.com.br\/wp-content\/uploads\/2023\/09\/foto-sala-espera--2048x1536.jpg 2048w\" sizes=\"auto, (max-width: 2560px) 100vw, 2560px\" \/>\t\t\t\t\t\t\t\t\t\t\t\t\t\t\t<\/p>\n<style>\/*! elementor - v3.16.0 - 14-09-2023 *\/\n.elementor-widget-image-box .elementor-image-box-content{width:100%}@media (min-width:768px){.elementor-widget-image-box.elementor-position-left .elementor-image-box-wrapper,.elementor-widget-image-box.elementor-position-right .elementor-image-box-wrapper{display:flex}.elementor-widget-image-box.elementor-position-right .elementor-image-box-wrapper{text-align:right;flex-direction:row-reverse}.elementor-widget-image-box.elementor-position-left .elementor-image-box-wrapper{text-align:left;flex-direction:row}.elementor-widget-image-box.elementor-position-top .elementor-image-box-img{margin:auto}.elementor-widget-image-box.elementor-vertical-align-top .elementor-image-box-wrapper{align-items:flex-start}.elementor-widget-image-box.elementor-vertical-align-middle .elementor-image-box-wrapper{align-items:center}.elementor-widget-image-box.elementor-vertical-align-bottom .elementor-image-box-wrapper{align-items:flex-end}}@media (max-width:767px){.elementor-widget-image-box .elementor-image-box-img{margin-left:auto!important;margin-right:auto!important;margin-bottom:15px}}.elementor-widget-image-box .elementor-image-box-img{display:inline-block}.elementor-widget-image-box .elementor-image-box-title a{color:inherit}.elementor-widget-image-box .elementor-image-box-wrapper{text-align:center}.elementor-widget-image-box .elementor-image-box-description{margin:0}<\/style>\n<h4>Vis\u00e3o<\/h4>\n<p>Se manter como refer\u00eancia no mercado jur\u00eddico brasileiro.<\/p>\n<p><\/p>\n<h4>Miss\u00e3o<\/h4>\n<p>Acompanhar os clientes e suas demandas de maneira integral, a partir de um atendimento \u00e1gil, eficaz e respons\u00e1vel.<\/p>\n<h4>Valores<\/h4>\n<p>\u00c9tica, agilidade, disponibilidade e qualidade t\u00e9cnica.<\/p>\n<p><\/p>\n<h3>Nossa Equipe<\/h3>\n<p>Contamos com profissionais altamente especializados e atuantes no cen\u00e1rio jur\u00eddico do pa\u00eds. Al\u00e9m disso, incentivamos a constante capacita\u00e7\u00e3o dos nossos advogados, para prestarmos um servi\u00e7o otimizado, fidedigno \u00e0s constantes evolu\u00e7\u00f5es e din\u00e2micas dos saberes penais.<\/p>\n<p>\t\t\t\t\t\t\t\t\t\t\t\t\t\t\t<img decoding=\"async\" width=\"819\" height=\"1024\" src=\"https:\/\/yarochewskyadvogados.com.br\/wp-content\/uploads\/2023\/09\/1-819x1024.png\" alt=\"\" loading=\"lazy\" srcset=\"https:\/\/yarochewskyadvogados.com.br\/wp-content\/uploads\/2023\/09\/1-819x1024.png 819w, https:\/\/yarochewskyadvogados.com.br\/wp-content\/uploads\/2023\/09\/1-240x300.png 240w, https:\/\/yarochewskyadvogados.com.br\/wp-content\/uploads\/2023\/09\/1-768x960.png 768w, https:\/\/yarochewskyadvogados.com.br\/wp-content\/uploads\/2023\/09\/1.png 1080w\" sizes=\"auto, (max-width: 819px) 100vw, 819px\" \/>\t\t\t\t\t\t\t\t\t\t\t\t\t\t\t<\/p>\n<h4>Leonardo Isaac Yarochewsky<\/h4>\n<p>\t\t\t\t\t\t\t\t\t\t\t\t\t\t\t<img decoding=\"async\" width=\"1080\" height=\"1350\" src=\"https:\/\/yarochewskyadvogados.com.br\/wp-content\/uploads\/2023\/09\/3.png\" alt=\"\" loading=\"lazy\" srcset=\"https:\/\/yarochewskyadvogados.com.br\/wp-content\/uploads\/2023\/09\/3.png 1080w, https:\/\/yarochewskyadvogados.com.br\/wp-content\/uploads\/2023\/09\/3-240x300.png 240w, https:\/\/yarochewskyadvogados.com.br\/wp-content\/uploads\/2023\/09\/3-819x1024.png 819w, https:\/\/yarochewskyadvogados.com.br\/wp-content\/uploads\/2023\/09\/3-768x960.png 768w\" sizes=\"auto, (max-width: 1080px) 100vw, 1080px\" \/>\t\t\t\t\t\t\t\t\t\t\t\t\t\t\t<\/p>\n<h4>Ra\u00edssa Pereira Cunha<\/h4>\n<p>\t\t\t\t\t\t\t\t\t\t\t\t\t\t\t<img decoding=\"async\" width=\"819\" height=\"1024\" src=\"https:\/\/yarochewskyadvogados.com.br\/wp-content\/uploads\/2023\/09\/2-819x1024.png\" alt=\"\" loading=\"lazy\" srcset=\"https:\/\/yarochewskyadvogados.com.br\/wp-content\/uploads\/2023\/09\/2-819x1024.png 819w, https:\/\/yarochewskyadvogados.com.br\/wp-content\/uploads\/2023\/09\/2-240x300.png 240w, https:\/\/yarochewskyadvogados.com.br\/wp-content\/uploads\/2023\/09\/2-768x960.png 768w, https:\/\/yarochewskyadvogados.com.br\/wp-content\/uploads\/2023\/09\/2.png 1080w\" sizes=\"auto, (max-width: 819px) 100vw, 819px\" \/>\t\t\t\t\t\t\t\t\t\t\t\t\t\t\t<\/p>\n<h4>Bruno Marques Gon\u00e7alves<\/h4>\n<p>\t\t\t<a href=\"https:\/\/wa.me\/553132812924\"><br \/>\n\t\t\t\t\t\tN\u00f3s podemos ajud\u00e1-lo! Agende uma consulta!<br \/>\n\t\t\t\t\t<\/a><\/p>\n","protected":false},"excerpt":{"rendered":"<p>Conhe\u00e7a um pouco mais sobre o nosso Escrit\u00f3rio O Escrit\u00f3rio O escrit\u00f3rio est\u00e1 preparado para acompanhar processos judici\u00e1rios e tamb\u00e9m prestar consultoria jur\u00eddica. Dessa forma, o Leonardo Isaac Yarochewsky Advogados Associados atua desde a fase de investiga\u00e7\u00e3o policial, processos de compet\u00eancia da justi\u00e7a estadual e federal, at\u00e9 julgamentos em Tribunais Superiores. Para ser uma refer\u00eancia &hellip;<\/p>\n<p class=\"read-more\"> <a class=\"\" href=\"https:\/\/yarochewskyadvogados.com.br\/index.php\/about-us\/\"> <span class=\"screen-reader-text\">O Escrit\u00f3rio<\/span> Leia mais &raquo;<\/a><\/p>\n","protected":false},"author":1,"featured_media":0,"parent":0,"menu_order":0,"comment_status":"closed","ping_status":"open","template":"","meta":{"site-sidebar-layout":"no-sidebar","site-content-layout":"page-builder","ast-site-content-layout":"","site-content-style":"default","site-sidebar-style":"default","ast-global-header-display":"","ast-banner-title-visibility":"","ast-main-header-display":"","ast-hfb-above-header-display":"","ast-hfb-below-header-display":"","ast-hfb-mobile-header-display":"","site-post-title":"disabled","ast-breadcrumbs-content":"disabled","ast-featured-img":"disabled","footer-sml-layout":"","theme-transparent-header-meta":"enabled","adv-header-id-meta":"","stick-header-meta":"","header-above-stick-meta":"","header-main-stick-meta":"","header-below-stick-meta":"","astra-migrate-meta-layouts":"","footnotes":""},"class_list":["post-832","page","type-page","status-publish","hentry"],"_links":{"self":[{"href":"https:\/\/yarochewskyadvogados.com.br\/index.php\/wp-json\/wp\/v2\/pages\/832","targetHints":{"allow":["GET"]}}],"collection":[{"href":"https:\/\/yarochewskyadvogados.com.br\/index.php\/wp-json\/wp\/v2\/pages"}],"about":[{"href":"https:\/\/yarochewskyadvogados.com.br\/index.php\/wp-json\/wp\/v2\/types\/page"}],"author":[{"embeddable":true,"href":"https:\/\/yarochewskyadvogados.com.br\/index.php\/wp-json\/wp\/v2\/users\/1"}],"replies":[{"embeddable":true,"href":"https:\/\/yarochewskyadvogados.com.br\/index.php\/wp-json\/wp\/v2\/comments?post=832"}],"version-history":[{"count":94,"href":"https:\/\/yarochewskyadvogados.com.br\/index.php\/wp-json\/wp\/v2\/pages\/832\/revisions"}],"predecessor-version":[{"id":1604,"href":"https:\/\/yarochewskyadvogados.com.br\/index.php\/wp-json\/wp\/v2\/pages\/832\/revisions\/1604"}],"wp:attachment":[{"href":"https:\/\/yarochewskyadvogados.com.br\/index.php\/wp-json\/wp\/v2\/media?parent=832"}],"curies":[{"name":"wp","href":"https:\/\/api.w.org\/{rel}","templated":true}]}}