{"id":831,"date":"2021-03-05T20:10:03","date_gmt":"2021-03-05T20:10:03","guid":{"rendered":"https:\/\/yarochewskyadvogados.com.br\/index.php\/home\/"},"modified":"2024-08-30T16:55:52","modified_gmt":"2024-08-30T19:55:52","slug":"home","status":"publish","type":"page","link":"https:\/\/yarochewskyadvogados.com.br\/","title":{"rendered":"Home"},"content":{"rendered":"<style>\/*! elementor - v3.16.0 - 14-09-2023 *\/\n.elementor-heading-title{padding:0;margin:0;line-height:1}.elementor-widget-heading .elementor-heading-title[class*=elementor-size-]>a{color:inherit;font-size:inherit;line-height:inherit}.elementor-widget-heading .elementor-heading-title.elementor-size-small{font-size:15px}.elementor-widget-heading .elementor-heading-title.elementor-size-medium{font-size:19px}.elementor-widget-heading .elementor-heading-title.elementor-size-large{font-size:29px}.elementor-widget-heading .elementor-heading-title.elementor-size-xl{font-size:39px}.elementor-widget-heading .elementor-heading-title.elementor-size-xxl{font-size:59px}<\/style>\n<h2>Advocacia criminal desde 1987<\/h2>\n<p>Advocacia \u00e9 um instrumento fundamental para garantir o acesso \u00e0 justi\u00e7a. Estamos preparados para atender as diversas demandas em Direito Penal.<\/p>\n<p>\t\t\t<a href=\"https:\/\/wa.me\/553132812924\"><br \/>\n\t\t\t\t\t\tAgende sua consulta conosco<br \/>\n\t\t\t\t\t<\/a><\/p>\n<h2>Advocacia criminal desde 1987<\/h2>\n<p>Advocacia \u00e9 um instrumento fundamental para garantir o acesso \u00e0 justi\u00e7a. Estamos preparados para atender as diversas demandas em Direito Penal.<\/p>\n<p>\t\t\t<a href=\"https:\/\/wa.me\/553132812924\"><br \/>\n\t\t\t\t\t\tAgende sua consulta conosco<br \/>\n\t\t\t\t\t<\/a><\/p>\n<style>\/*! elementor - v3.16.0 - 14-09-2023 *\/\n.elementor-widget-divider{--divider-border-style:none;--divider-border-width:1px;--divider-color:#0c0d0e;--divider-icon-size:20px;--divider-element-spacing:10px;--divider-pattern-height:24px;--divider-pattern-size:20px;--divider-pattern-url:none;--divider-pattern-repeat:repeat-x}.elementor-widget-divider .elementor-divider{display:flex}.elementor-widget-divider .elementor-divider__text{font-size:15px;line-height:1;max-width:95%}.elementor-widget-divider .elementor-divider__element{margin:0 var(--divider-element-spacing);flex-shrink:0}.elementor-widget-divider .elementor-icon{font-size:var(--divider-icon-size)}.elementor-widget-divider .elementor-divider-separator{display:flex;margin:0;direction:ltr}.elementor-widget-divider--view-line_icon .elementor-divider-separator,.elementor-widget-divider--view-line_text .elementor-divider-separator{align-items:center}.elementor-widget-divider--view-line_icon .elementor-divider-separator:after,.elementor-widget-divider--view-line_icon .elementor-divider-separator:before,.elementor-widget-divider--view-line_text .elementor-divider-separator:after,.elementor-widget-divider--view-line_text .elementor-divider-separator:before{display:block;content:\"\";border-bottom:0;flex-grow:1;border-top:var(--divider-border-width) var(--divider-border-style) var(--divider-color)}.elementor-widget-divider--element-align-left .elementor-divider .elementor-divider-separator>.elementor-divider__svg:first-of-type{flex-grow:0;flex-shrink:100}.elementor-widget-divider--element-align-left .elementor-divider-separator:before{content:none}.elementor-widget-divider--element-align-left .elementor-divider__element{margin-left:0}.elementor-widget-divider--element-align-right .elementor-divider .elementor-divider-separator>.elementor-divider__svg:last-of-type{flex-grow:0;flex-shrink:100}.elementor-widget-divider--element-align-right .elementor-divider-separator:after{content:none}.elementor-widget-divider--element-align-right .elementor-divider__element{margin-right:0}.elementor-widget-divider:not(.elementor-widget-divider--view-line_text):not(.elementor-widget-divider--view-line_icon) .elementor-divider-separator{border-top:var(--divider-border-width) var(--divider-border-style) var(--divider-color)}.elementor-widget-divider--separator-type-pattern{--divider-border-style:none}.elementor-widget-divider--separator-type-pattern.elementor-widget-divider--view-line .elementor-divider-separator,.elementor-widget-divider--separator-type-pattern:not(.elementor-widget-divider--view-line) .elementor-divider-separator:after,.elementor-widget-divider--separator-type-pattern:not(.elementor-widget-divider--view-line) .elementor-divider-separator:before,.elementor-widget-divider--separator-type-pattern:not([class*=elementor-widget-divider--view]) .elementor-divider-separator{width:100%;min-height:var(--divider-pattern-height);-webkit-mask-size:var(--divider-pattern-size) 100%;mask-size:var(--divider-pattern-size) 100%;-webkit-mask-repeat:var(--divider-pattern-repeat);mask-repeat:var(--divider-pattern-repeat);background-color:var(--divider-color);-webkit-mask-image:var(--divider-pattern-url);mask-image:var(--divider-pattern-url)}.elementor-widget-divider--no-spacing{--divider-pattern-size:auto}.elementor-widget-divider--bg-round{--divider-pattern-repeat:round}.rtl .elementor-widget-divider .elementor-divider__text{direction:rtl}.e-con-inner>.elementor-widget-divider,.e-con>.elementor-widget-divider{width:var(--container-widget-width,100%);--flex-grow:var(--container-widget-flex-grow)}<\/style>\n<h2>Leonardo Isaac Yarochewsky<\/h2>\n<h5>36 anos de experi\u00eancia na \u00e1rea criminal<\/h5>\n<ul>\n<li>Mestre e Doutor em Ci\u00eancias Penais pela Faculdade de Direito da Universidade Federal de Minas Gerais (UFMG);<\/li>\n<li>Professor de Direito Penal na Faculdade Mineira de Direito (PUC\/MG), (1990 &#8211; 2016);<\/li>\n<li>Membro efetivo do IAB &#8211; Instituto dos Advogados Brasileiros;<\/li>\n<li>Membro do CNPCP &#8211; Conselho Nacional de Pol\u00edtica Criminal e Penitenci\u00e1ria (2016);<\/li>\n<li>Membro do IDDD &#8211; Instituto de Defesa do Direito de Defesa;<\/li>\n<li>Membro Associado ao Instituto Brasileiro de Ci\u00eancias Criminais (IBCCRIM).<\/li>\n<\/ul>\n<style>\/*! elementor - v3.16.0 - 14-09-2023 *\/\n.elementor-column .elementor-spacer-inner{height:var(--spacer-size)}.e-con{--container-widget-width:100%}.e-con-inner>.elementor-widget-spacer,.e-con>.elementor-widget-spacer{width:var(--container-widget-width,var(--spacer-size));--align-self:var(--container-widget-align-self,initial);--flex-shrink:0}.e-con-inner>.elementor-widget-spacer>.elementor-widget-container,.e-con>.elementor-widget-spacer>.elementor-widget-container{height:100%;width:100%}.e-con-inner>.elementor-widget-spacer>.elementor-widget-container>.elementor-spacer,.e-con>.elementor-widget-spacer>.elementor-widget-container>.elementor-spacer{height:100%}.e-con-inner>.elementor-widget-spacer>.elementor-widget-container>.elementor-spacer>.elementor-spacer-inner,.e-con>.elementor-widget-spacer>.elementor-widget-container>.elementor-spacer>.elementor-spacer-inner{height:var(--container-widget-height,var(--spacer-size))}.e-con-inner>.elementor-widget-spacer.elementor-widget-empty,.e-con>.elementor-widget-spacer.elementor-widget-empty{position:relative;min-height:22px;min-width:22px}.e-con-inner>.elementor-widget-spacer.elementor-widget-empty .elementor-widget-empty-icon,.e-con>.elementor-widget-spacer.elementor-widget-empty .elementor-widget-empty-icon{position:absolute;top:0;bottom:0;left:0;right:0;margin:auto;padding:0;width:22px;height:22px}<\/style>\n<h3>Autor dos livros:<\/h3>\n<p>&#8211; \u201cDa inexigibilidade de conduta diversa\u201d &#8211; Belo Horizonte: Del Rey, 2000;<\/p>\n<p>&#8211; \u201cDa reincid\u00eancia Criminal\u201d &#8211; Belo Horizonte: Mandamentos, 2005;\u00a0<\/p>\n<p>&#8211; \u201cReflex\u00f5es de um criminalista\u201d &#8211; Belo Horizonte: Letramento, 2015;<\/p>\n<p>&#8211; \u201cO Direito Penal em tempos sombrios\u201d &#8211; Florian\u00f3polis: Emp\u00f3rio do Direito, 2016;<\/p>\n<p>&#8211; \u201cO Direito Penal em tempos sombrios 2\u201d &#8211; Florian\u00f3polis: Emp\u00f3rio do Direito, 2018.<\/p>\n<h2>\u00c1reas em que Atuamos<\/h2>\n<p style=\"text-align: left;\">O escrit\u00f3rio<b><i> <\/i>LEONARDO ISAAC YAROCHEWSKY ADVOGADOS ASSOCIADOS<\/b> \u00e9 especializado na \u00e1rea criminal, em suas diversas facetas, tanto no \u00e2mbito contencioso (inqu\u00e9ritos, a\u00e7\u00f5es penais, habeas corpus) quanto no preventivo (consultivo e pareceres).<\/p>\n<style>\/*! elementor - v3.16.0 - 14-09-2023 *\/\n.elementor-widget-image{text-align:center}.elementor-widget-image a{display:inline-block}.elementor-widget-image a img[src$=\".svg\"]{width:48px}.elementor-widget-image img{vertical-align:middle;display:inline-block}<\/style>\n<p>\t\t\t\t\t\t\t\t\t\t\t\t<img decoding=\"async\" width=\"1024\" height=\"768\" src=\"https:\/\/yarochewskyadvogados.com.br\/wp-content\/uploads\/2023\/09\/2xx.jpeg\" alt=\"\" loading=\"lazy\" srcset=\"https:\/\/yarochewskyadvogados.com.br\/wp-content\/uploads\/2023\/09\/2xx.jpeg 1024w, https:\/\/yarochewskyadvogados.com.br\/wp-content\/uploads\/2023\/09\/2xx-300x225.jpeg 300w, https:\/\/yarochewskyadvogados.com.br\/wp-content\/uploads\/2023\/09\/2xx-768x576.jpeg 768w\" sizes=\"auto, (max-width: 1024px) 100vw, 1024px\" \/>\t\t\t\t\t\t\t\t\t\t\t\t\t\t\t<\/p>\n<ul>\n<li>Crimes econ\u00f4micos,\u00a0<\/li>\n<li>Crimes tribut\u00e1rios e previdenci\u00e1rios,\u00a0<\/li>\n<li>Crimes ambientais,\u00a0<\/li>\n<li>Lavagem de capitais,\u00a0<\/li>\n<li>Crimes licitat\u00f3rios,\u00a0<\/li>\n<li>Crimes contra as rela\u00e7\u00f5es de consumo,\u00a0<\/li>\n<li>Crimes falimentares,\u00a0<\/li>\n<li>Crimes contra a administra\u00e7\u00e3o p\u00fablica,\u00a0<\/li>\n<li>Crimes eleitorais,\u00a0<\/li>\n<li>Crimes dolosos contra a vida,\u00a0<\/li>\n<li>Crimes contra o patrim\u00f4nio,\u00a0<\/li>\n<li>Crimes contra a honra,\u00a0<\/li>\n<li>Crimes contra a dignidade sexual,<\/li>\n<li>Crimes de Tr\u00e1fico Il\u00edcito e Uso Indevido de Drogas, dentre outros.<\/li>\n<\/ul>\n<p>\t\t\t<a href=\"https:\/\/wa.me\/553132812924\"><br \/>\n\t\t\t\t\t\tCONTE-NOS O SEU CASO<br \/>\n\t\t\t\t\t<\/a><br \/>\n\t\t<em>&#8220;Em um mundo em constante transforma\u00e7\u00e3o, onde a complexidade das quest\u00f5es legais cresce a cada dia, a busca por servi\u00e7os jur\u00eddicos confi\u00e1veis e experientes \u00e9 mais crucial do que nunca. Neste contexto, destacamos pela excel\u00eancia na presta\u00e7\u00e3o de servi\u00e7os na \u00e1rea criminal, acumulando 36 anos de experi\u00eancia inigual\u00e1vel.&#8221;<\/em>\t\t<\/p>\n<h2>Como trabalhamos?<\/h2>\n<p>Gra\u00e7as ao nosso alto grau de profissionalismo, comprometimento e organiza\u00e7\u00e3o, podemos tra\u00e7ar as melhores estrat\u00e9gias para atend\u00ea-lo, de forma a preservar nossos principais valores, dentre os quais destacamos: a agilidade na presta\u00e7\u00e3o dos servi\u00e7os, a disponibilidade em atender os nossos clientes e a qualidade t\u00e9cnica dos profissionais, em constante aten\u00e7\u00e3o e compreens\u00e3o \u00e0s demandas.<\/p>\n<p>Primamos por uma advocacia humanizada e integrada, na qual o cliente possui contato direto e imediato com advogados dispon\u00edveis para atend\u00ea-lo, o que constitui um dos nossos diferenciais.<\/p>\n<p>\t\t\t<a href=\"https:\/\/wa.me\/553132812924\"><br \/>\n\t\t\t\t\t\tVamos conversar?<br \/>\n\t\t\t\t\t<\/a><\/p>\n<h4>Contato: (31) 3281-2924 \/ (31) 99982-2924<br \/><\/h4>\n<h3>Nossa Localiza\u00e7\u00e3o:<\/h3>\n<p>Rua Fernandes Tourinho, n\u00ba 735<strong> &#8211;<\/strong> Conjunto 506 &#8211; Lourdes &#8211;\u00a0Belo Horizonte\/MG<\/p>\n<style>\/*! elementor - v3.16.0 - 14-09-2023 *\/\n.elementor-widget-google_maps .elementor-widget-container{overflow:hidden}.elementor-widget-google_maps .elementor-custom-embed{line-height:0}.elementor-widget-google_maps iframe{height:300px}<\/style>\n<p>\t\t\t<iframe loading=\"lazy\"\n\t\t\t\t\tsrc=\"https:\/\/maps.google.com\/maps?q=Rua%20Fernandes%20Tourinho%2C%20735%20-%20Conj%20506&#038;t=m&#038;z=10&#038;output=embed&#038;iwloc=near\"\n\t\t\t\t\ttitle=\"Rua Fernandes Tourinho, 735 - Conj 506\"\n\t\t\t\t\taria-label=\"Rua Fernandes Tourinho, 735 - Conj 506\"\n\t\t\t><\/iframe><\/p>\n","protected":false},"excerpt":{"rendered":"<p>Advocacia criminal desde 1987 Advocacia \u00e9 um instrumento fundamental para garantir o acesso \u00e0 justi\u00e7a. Estamos preparados para atender as diversas demandas em Direito Penal. Agende sua consulta conosco Advocacia criminal desde 1987 Advocacia \u00e9 um instrumento fundamental para garantir o acesso \u00e0 justi\u00e7a. Estamos preparados para atender as diversas demandas em Direito Penal. Agende &hellip;<\/p>\n<p class=\"read-more\"> <a class=\"\" href=\"https:\/\/yarochewskyadvogados.com.br\/\"> <span class=\"screen-reader-text\">Home<\/span> Leia mais &raquo;<\/a><\/p>\n","protected":false},"author":1,"featured_media":0,"parent":0,"menu_order":0,"comment_status":"closed","ping_status":"open","template":"","meta":{"site-sidebar-layout":"no-sidebar","site-content-layout":"page-builder","ast-site-content-layout":"","site-content-style":"default","site-sidebar-style":"default","ast-global-header-display":"","ast-banner-title-visibility":"","ast-main-header-display":"","ast-hfb-above-header-display":"","ast-hfb-below-header-display":"","ast-hfb-mobile-header-display":"","site-post-title":"disabled","ast-breadcrumbs-content":"disabled","ast-featured-img":"disabled","footer-sml-layout":"","theme-transparent-header-meta":"enabled","adv-header-id-meta":"","stick-header-meta":"","header-above-stick-meta":"","header-main-stick-meta":"","header-below-stick-meta":"","astra-migrate-meta-layouts":"","footnotes":""},"class_list":["post-831","page","type-page","status-publish","hentry"],"_links":{"self":[{"href":"https:\/\/yarochewskyadvogados.com.br\/index.php\/wp-json\/wp\/v2\/pages\/831","targetHints":{"allow":["GET"]}}],"collection":[{"href":"https:\/\/yarochewskyadvogados.com.br\/index.php\/wp-json\/wp\/v2\/pages"}],"about":[{"href":"https:\/\/yarochewskyadvogados.com.br\/index.php\/wp-json\/wp\/v2\/types\/page"}],"author":[{"embeddable":true,"href":"https:\/\/yarochewskyadvogados.com.br\/index.php\/wp-json\/wp\/v2\/users\/1"}],"replies":[{"embeddable":true,"href":"https:\/\/yarochewskyadvogados.com.br\/index.php\/wp-json\/wp\/v2\/comments?post=831"}],"version-history":[{"count":301,"href":"https:\/\/yarochewskyadvogados.com.br\/index.php\/wp-json\/wp\/v2\/pages\/831\/revisions"}],"predecessor-version":[{"id":1724,"href":"https:\/\/yarochewskyadvogados.com.br\/index.php\/wp-json\/wp\/v2\/pages\/831\/revisions\/1724"}],"wp:attachment":[{"href":"https:\/\/yarochewskyadvogados.com.br\/index.php\/wp-json\/wp\/v2\/media?parent=831"}],"curies":[{"name":"wp","href":"https:\/\/api.w.org\/{rel}","templated":true}]}}